{"id":242,"date":"2024-04-19T11:02:53","date_gmt":"2024-04-19T11:02:53","guid":{"rendered":"https:\/\/www.jirkovskevarhany.cz\/?page_id=242"},"modified":"2024-06-11T11:30:32","modified_gmt":"2024-06-11T11:30:32","slug":"pripravovane-akce","status":"publish","type":"page","link":"https:\/\/www.jirkovskevarhany.cz\/de\/pripravovane-akce\/","title":{"rendered":"Kommende Veranstaltungen (auf Tschechisch)"},"content":{"rendered":"<p>[et_pb_section fb_built=&#8220;1&#8243; _builder_version=&#8220;4.24.3&#8243; _module_preset=&#8220;default&#8220; use_background_color_gradient=&#8220;on&#8220; background_color_gradient_stops=&#8220;rgba(18,24,36,0.29) 0%|rgba(18,24,36,0.66) 100%&#8220; background_color_gradient_overlays_image=&#8220;on&#8220; background_image=&#8220;https:\/\/www.jirkovskevarhany.cz\/wp-content\/uploads\/2024\/04\/akce_background-scaled.jpg&#8220; global_colors_info=&#8220;{}&#8220;][et_pb_row _builder_version=&#8220;4.24.3&#8243; _module_preset=&#8220;default&#8220; custom_padding=&#8220;15vh||15vh||true|false&#8220; global_colors_info=&#8220;{}&#8220;][et_pb_column type=&#8220;4_4&#8243; _builder_version=&#8220;4.24.3&#8243; _module_preset=&#8220;default&#8220; global_colors_info=&#8220;{}&#8220;][et_pb_text _builder_version=&#8220;4.24.3&#8243; _module_preset=&#8220;default&#8220; header_text_align=&#8220;center&#8220; header_text_color=&#8220;#FFFFFF&#8220; global_colors_info=&#8220;{}&#8220;]<\/p>\n<h1>P\u0159ipravovan\u00e9 akce<\/h1>\n<p>[\/et_pb_text][\/et_pb_column][\/et_pb_row][\/et_pb_section][et_pb_section fb_built=&#8220;1&#8243; _builder_version=&#8220;4.24.3&#8243; _module_preset=&#8220;default&#8220; background_color=&#8220;#FFFFFF&#8220; global_colors_info=&#8220;{}&#8220;][et_pb_row use_custom_gutter=&#8220;on&#8220; _builder_version=&#8220;4.24.3&#8243; _module_preset=&#8220;default&#8220; custom_padding=&#8220;15vh||15vh||true|false&#8220; global_colors_info=&#8220;{}&#8220;][et_pb_column type=&#8220;4_4&#8243; _builder_version=&#8220;4.24.3&#8243; _module_preset=&#8220;default&#8220; global_colors_info=&#8220;{}&#8220;][et_pb_blog posts_number=&#8220;100&#8243; include_categories=&#8220;6&#8243; excerpt_length=&#8220;1000&#8243; show_author=&#8220;off&#8220; show_date=&#8220;off&#8220; show_categories=&#8220;off&#8220; show_pagination=&#8220;off&#8220; use_overlay=&#8220;on&#8220; overlay_icon_color=&#8220;#EDD9A4&#8243; hover_overlay_color=&#8220;rgba(18,24,36,0.42)&#8220; hover_icon=&#8220;&#x50;||divi||400&#8243; module_class=&#8220;akce&#8220; _builder_version=&#8220;4.25.1&#8243; _module_preset=&#8220;default&#8220; header_font=&#8220;Roboto|300|||||||&#8220; header_text_color=&#8220;#BE821D&#8220; header_font_size=&#8220;24px&#8220; body_text_align=&#8220;justify&#8220; body_text_color=&#8220;#121824&#8243; body_font_size=&#8220;16px&#8220; background_color=&#8220;RGBA(255,255,255,0)&#8220; hover_enabled=&#8220;0&#8243; custom_css_free_form=&#8220;.not-found-title {||  display:none;||}||||.akce article {||\tbackground-color: #f4f4f4;||  box-shadow: 0px 0px 36px -11px rgba(0,0,0,0.1);||}||||.akce .et_pb_ajax_pagination_container {||\tdisplay: grid;||\tgrid-template-columns:1fr 1fr;||  gap: 3vw;||}||||.akce article {||\tdisplay: grid;||\tgrid-template-columns:3fr 7fr;||  margin:0!important;||}||||.akce a {||\tmargin:0!important;||}||||.akce .entry-featured-image-url {||\tgrid-column:1;||\tgrid-row:1 \/ span 3;||}||||.akce .entry-featured-image-url img {||\taspect-ratio: 1\/1.41;||\tobject-fit:cover;||\theight:100%;||\twidth:100%;||}||||.akce .entry-title {||\tgrid-column:2;||\tgrid-row:1;||\talign-self:flex-end;||\tpointer-events:none;||  padding-left: 3vw;||\tpadding-right: 3vw;||\tpadding-bottom: 1vw;||\tpadding-top:3vw;||}||||.akce .post-content {||\tgrid-column-start:2;||\tgrid-row-start:2;||\talign-self:flex-start;||  padding-left: 3vw;||\tpadding-right: 4vw;||\tpadding-top: 1vw;||\tpadding-bottom: 3vw;||}||||\/*********AKCE MOBIL*********\/||@media (max-width: 960px) {||\t.akce .et_pb_ajax_pagination_container {||\t\tdisplay: grid;||\t\tgrid-template-columns:1fr;||    gap: 10vh;||\t}||\t.akce .entry-featured-image-url img {||\t\taspect-ratio:16\/9;||\t\twidth:100%;||\t\theight:100%;||\t}||\t.akce article {||\t\tmargin-bottom:5vh;||\t\tdisplay: grid;||    row-gap:2vh;||    column-gap:4vw;||\t\tgrid-template-columns:1fr;||\t}||\t.akce .entry-featured-image-url {||\t\tgrid-column:1;||\t\tgrid-row:1;||\t}||\t.akce .entry-title {||\t\tgrid-column:1;||\t\tgrid-row:2;||\t\talign-self:end;||\t\tpointer-events:none;||    padding-left: 3vw;||\t\tpadding-right: 4vw;||\t\tpadding-bottom: 2vw;||\t\tpadding-top:4vw;||\t}||\t.akce .post-content {||\t\tgrid-column:1;||\t\tgrid-row:3;||\t\talign-self:start;||    padding-left: 3vw;||\t\tpadding-right: 3vw;||\t\tpadding-top: 2vw;||\t\tpadding-bottom: 4vw;||\t\t}||}&#8220; global_colors_info=&#8220;{}&#8220; sticky_enabled=&#8220;0&#8243;][\/et_pb_blog][\/et_pb_column][\/et_pb_row][et_pb_row use_custom_gutter=&#8220;on&#8220; _builder_version=&#8220;4.25.1&#8243; _module_preset=&#8220;default&#8220; custom_padding=&#8220;0px||0px||true|false&#8220; hover_enabled=&#8220;0&#8243; global_colors_info=&#8220;{}&#8220; sticky_enabled=&#8220;0&#8243;][et_pb_column type=&#8220;4_4&#8243; _builder_version=&#8220;4.24.3&#8243; _module_preset=&#8220;default&#8220; global_colors_info=&#8220;{}&#8220;][et_pb_code _builder_version=&#8220;4.25.1&#8243; _module_preset=&#8220;default&#8220; hover_enabled=&#8220;0&#8243; sticky_enabled=&#8220;0&#8243;]<script><!-- [et_pb_line_break_holder] -->jQuery(function($){<!-- [et_pb_line_break_holder] -->  $('.akce .entry p').text('U \u017e\u00e1dn\u00e9 z p\u0159ipravovan\u00fdch akc\u00ed dosud nen\u00ed stanoven term\u00edn kon\u00e1n\u00ed. D\u011bkujeme, \u017ee n\u00e1s sledujete.');<!-- [et_pb_line_break_holder] -->});<!-- [et_pb_line_break_holder] --><\/script>[\/et_pb_code][\/et_pb_column][\/et_pb_row][\/et_pb_section]<\/p>\n","protected":false},"excerpt":{"rendered":"<p>Kommende Veranstaltungen (auf Tschechisch)<\/p>","protected":false},"author":1,"featured_media":0,"parent":0,"menu_order":0,"comment_status":"closed","ping_status":"closed","template":"","meta":{"_et_pb_use_builder":"on","_et_pb_old_content":"","_et_gb_content_width":"","inline_featured_image":false,"footnotes":""},"class_list":["post-242","page","type-page","status-publish","hentry"],"_links":{"self":[{"href":"https:\/\/www.jirkovskevarhany.cz\/de\/wp-json\/wp\/v2\/pages\/242","targetHints":{"allow":["GET"]}}],"collection":[{"href":"https:\/\/www.jirkovskevarhany.cz\/de\/wp-json\/wp\/v2\/pages"}],"about":[{"href":"https:\/\/www.jirkovskevarhany.cz\/de\/wp-json\/wp\/v2\/types\/page"}],"author":[{"embeddable":true,"href":"https:\/\/www.jirkovskevarhany.cz\/de\/wp-json\/wp\/v2\/users\/1"}],"replies":[{"embeddable":true,"href":"https:\/\/www.jirkovskevarhany.cz\/de\/wp-json\/wp\/v2\/comments?post=242"}],"version-history":[{"count":36,"href":"https:\/\/www.jirkovskevarhany.cz\/de\/wp-json\/wp\/v2\/pages\/242\/revisions"}],"predecessor-version":[{"id":664,"href":"https:\/\/www.jirkovskevarhany.cz\/de\/wp-json\/wp\/v2\/pages\/242\/revisions\/664"}],"wp:attachment":[{"href":"https:\/\/www.jirkovskevarhany.cz\/de\/wp-json\/wp\/v2\/media?parent=242"}],"curies":[{"name":"wp","href":"https:\/\/api.w.org\/{rel}","templated":true}]}}